{"id":668,"date":"2012-10-24T00:33:22","date_gmt":"2012-10-23T22:33:22","guid":{"rendered":"http:\/\/www.rifai.org\/sufism\/?page_id=668"},"modified":"2012-10-24T00:33:22","modified_gmt":"2012-10-23T22:33:22","slug":"das-herz-eines-arif","status":"publish","type":"page","link":"https:\/\/www.rifai.org\/sufism\/deutsch\/hazrat-sayyid-ahmed-er-rifai-ks\/auszuge-aus-seinen-buchern\/das-herz-eines-arif\/","title":{"rendered":"Das Herz eines Arif"},"content":{"rendered":"<p>Wisse, dass die Sch\u00e4tze Allahs in der Welt die Herzen der \u00a0Arifs sind. In ihren Herzen hat Allah die heiligen Reliquien von Seinem Geheimnis platziert &#8211; die Grazie Seiner Hikmat, die haqiqah Seiner Muhabbat, die Nuhr Seiner Ilm, die Beweise Seiner g\u00f6ttlichen Marifat &#8211; , wor\u00fcber \u00a0kein Engel, kein Prophet und kein Mensch sich ohne Seine Erlaubnis bewusst werden kann.<\/p>\n<p>Der Arif sollte wissen, was f\u00fcr sein Herz angemessen ist und was es verderben l\u00e4sst. Er sollte in seinen Angelegenheiten und seinem Verhalten ehrlich sein. Er sollte wahrnehmen, was n\u00fctzlich und was sch\u00e4dlich f\u00fcr ihn ist und er soll sich vor der Falle des Feindes sch\u00fctzen. Und er sollte bei Allah von allem Zuflucht nehmen.<\/p>\n<p>Da das Herz das Haus von Allah ist, sollte nichts anderes als Allah darin anwesend sein.<\/p>\n<p>Hz. Prophet (sa) ordnete an:<\/p>\n<p>\u2018Solange das Herz des qulls (Diener) nicht rein ist, kann auch sein Handeln nicht rein sein.<\/p>\n<p>Solange seine Zunge nicht ehrlich ist, kann auch sein Herz nicht ehrlich sein.\u2019<\/p>\n<p>Er ordnete auch an:<\/p>\n<p>\u2018Seid vorsichtig! Es gibt ein St\u00fcck Fleisch im K\u00f6rper, bei dem, wenn es gesund ist, dann auch der ganze\u00a0 K\u00f6rper gesund ist. Wenn es besch\u00e4digt ist, dann ist der gesamte K\u00f6rper besch\u00e4digt. Dieses St\u00fcck Fleisch ist das Herz.\u2019<\/p>\n<p>Die Angelegenheiten des Herzens folgen einer Route von zehn Schritten:<\/p>\n<p>-Erinnerungen: \u00a0(spirituelle Botschaften, die dem Herzen zukommen, die innerhalb enth\u00fcllt werden)<\/p>\n<p>-Die Worte des Nafs: \u00a0(die Worte, die genau genommen zur Essenz geh\u00f6ren)<\/p>\n<p>-Inspiration: \u00a0(besondere Bedeutungen\u00a0 und Informationen, die durch die g\u00f6ttliche Gnade dem Herzen zukommen)<\/p>\n<p>-Ideen: \u00a0(Kontemplationen \u00fcber die Verse und den Segen Allahs)<\/p>\n<p>-Wille: (das Feuer der Liebe im Herzen, die eine positive Erwiederung auf den Aufruf der Wahrheit erfordert)<\/p>\n<p>-Zufriedenheit: (der Zustand des Zufriedenseins ohne Beschwerden beim Anblick der schmerzhaften Erscheinungen des Schicksals zu haben)<\/p>\n<p>-Wahl: ( lieber was al-Haqq bevorzugt als die eignenen W\u00fcnsche)<\/p>\n<p>-Absicht: (der Anfang und das Ende der Handlung)<\/p>\n<p>-Durchhalteverm\u00f6gen: \u00a0(Verhalten in \u00dcbereinstimmung mit den Auftr\u00e4gen und den Verboten ohne R\u00fccksicht auf die W\u00fcnsche des Nafs)<\/p>\n<p>-Bed\u00e4chtigkeit: ( erreichen des Niveaus, bei dem man f\u00e4hig ist zu handeln)<\/p>\n","protected":false},"excerpt":{"rendered":"<p>Wisse, dass die Sch\u00e4tze Allahs in der Welt die Herzen der \u00a0Arifs sind. In ihren Herzen hat Allah die heiligen [&hellip;]<\/p>\n","protected":false},"author":1,"featured_media":0,"parent":656,"menu_order":4,"comment_status":"open","ping_status":"open","template":"","meta":{"_monsterinsights_skip_tracking":false,"_monsterinsights_sitenote_active":false,"_monsterinsights_sitenote_note":"","_monsterinsights_sitenote_category":0,"footnotes":""},"class_list":["post-668","page","type-page","status-publish","hentry"],"_links":{"self":[{"href":"https:\/\/www.rifai.org\/sufism\/wp-json\/wp\/v2\/pages\/668","targetHints":{"allow":["GET"]}}],"collection":[{"href":"https:\/\/www.rifai.org\/sufism\/wp-json\/wp\/v2\/pages"}],"about":[{"href":"https:\/\/www.rifai.org\/sufism\/wp-json\/wp\/v2\/types\/page"}],"author":[{"embeddable":true,"href":"https:\/\/www.rifai.org\/sufism\/wp-json\/wp\/v2\/users\/1"}],"replies":[{"embeddable":true,"href":"https:\/\/www.rifai.org\/sufism\/wp-json\/wp\/v2\/comments?post=668"}],"version-history":[{"count":2,"href":"https:\/\/www.rifai.org\/sufism\/wp-json\/wp\/v2\/pages\/668\/revisions"}],"predecessor-version":[{"id":670,"href":"https:\/\/www.rifai.org\/sufism\/wp-json\/wp\/v2\/pages\/668\/revisions\/670"}],"up":[{"embeddable":true,"href":"https:\/\/www.rifai.org\/sufism\/wp-json\/wp\/v2\/pages\/656"}],"wp:attachment":[{"href":"https:\/\/www.rifai.org\/sufism\/wp-json\/wp\/v2\/media?parent=668"}],"curies":[{"name":"wp","href":"https:\/\/api.w.org\/{rel}","templated":true}]}}