{"id":995,"date":"2012-11-14T20:58:21","date_gmt":"2012-11-14T18:58:21","guid":{"rendered":"http:\/\/www.rifai.org\/sufism\/?page_id=995"},"modified":"2012-11-14T20:58:21","modified_gmt":"2012-11-14T18:58:21","slug":"la-via-degli-arif-gli-gnostici","status":"publish","type":"page","link":"https:\/\/www.rifai.org\/sufism\/italiano\/hazrat-sayyid-ahmed-er-rifai-ks\/estratti-dai-suoi-libri\/la-via-degli-arif-gli-gnostici\/","title":{"rendered":"La via degli arif (gli gnostici)"},"content":{"rendered":"<p>Gli arif sono persone che si sono \u201ccacciate nei guai\u201d per essersi innamorate. Cos\u00ec la loro anima guarda fissa l&#8217;altro mondo, il loro Cuore \u00e8 volto verso le terre della Conoscenza. Tutto il loro essere, il loro intimo segreto (sirr) \u00e8 senza veli \u2013 nudo \u2013\u00a0 di fronte al loro Signore (Rabb). La loro nafs si \u00e8 allontanata dal mondo ed \u00e8 stata purificata.<\/p>\n<p>Le loro anime sono salite cos\u00ec in alto che hanno abbandonato ogni preoccupazione per l&#8217;akhiar (l&#8217;altro mondo). I loro Cuori sono colmati dal ricordo (Dhikr) di Allah, le loro anime sono infiammate dall&#8217;Amore di Allah.<\/p>\n<p>I loro Cuori sono una sorgente di reverenza e dignit\u00e0. Le loro lingue sono la fonte dell&#8217;hamd (preghiera di lode) e dell&#8217;ammirazione. Le loro anime sono la dimora dell&#8217;Amore (muhabbat). La loro nafs \u00e8 annichilita di fronte al Sultano della saggezza. I loro pensieri per lo pi\u00f9 sono assorti in contemplazione attraverso la consapevolezza, le loro parole sono per lo pi\u00f9 impegnate nella lode di Allah.<\/p>\n<p>La loro unica occupazione \u00e8 obbedire e servire Allah. In tutto ci\u00f2 che guardano, non vedono altro che la Verit\u00e0 dell&#8217;Opera di Allah, il Signore, il pi\u00f9 Grande, il Potente.<\/p>\n<p>La via degli Arif \u00e8 la via di Hz. Muhammad Mustafa (saws). Hanno lasciato andare questo mondo: ogni problema e ogni dolore che possono provare lungo questa strada sembra dolce. Lealt\u00e0 e giustizia dominano ogni loro azione.<\/p>\n<p>Si sentono come stranieri in questo mondo. I Cuori battono dentro il loro petto in maniera diversa, tutto il loro corpo \u00e8 percepito in maniera diversa. La tristezza e la solitudine dell&#8217;esilio non li lascia mai. Questa straniamneto e questa miseria continuano fino a che non sono uniti con Al-Haqq. I loro interessi sono oltre il dominio della mente, la loro unica cura per questo loro stato \u00e8 Al-Haqq.<\/p>\n<p>Gli Arif conversano con il loro Signore (Rabb) senza l&#8217;ausilio della lingua o della bocca e il loro Amore (muhabbat) li tiene connessi dal profondo. I loro Cuori sono solitari, le loro menti lavorano grazie alla luce divina (nur), purificata da pensieri bassi ed egoisti. I loro desideri hanno lasciato la dimensione umana ed hanno raggiunto la natura divina. Loro vivono la loro vita stabili nella loro anima purificata dall&#8217;influenza del mondo, cos\u00ec che ogni loro parola, ogni loro gesto rifletta la saggezza divina.<\/p>\n<p>Allah ha nascoscto il Suo Segreto (Sirr) divino nei Cuori dei suoi Arif. I loro Cuori sono come divine torri di guardia. Allah ha abbellito i loro Cuori con il Suo essere. Allah li ha ammessi alla Sua divina presenza come Sultani del regno della Conoscenza, per via del bene e delle bellezza nelle loro anime.<\/p>\n<p>Gli Arif hanno molti segni distintivi, ma poche persone sono in grado di riconoscerli. Il pi\u00f9 evidente segno che loro mostrano nel mondo \u00e8 che ai loro occhi difficolt\u00e0 e problemi sono dolci come il miele, sofferenza e tristezza sono accolti come pegni d&#8217;amore. Mentre tutti\u00a0 nel moendo dell&#8217;Oltre (akhiar) piangeranno dicendo: \u201cOh mia nafs! Oh mia nafs\u201d, loro piangeranno dicendo: \u201cOh mio Signore(Rabb)! Oh mio Signore (Rabb)! Mio unico desiderio! Mio unico desiderio!\u201d.<\/p>\n<p>\u00c8 possibile riconoscere gli Arif da questi quattro segni:<\/p>\n<p>l&#8217;Amore per Allah; lasciano ogni cosa alle spalle per Allah; obbediscono ai dettami del Santo Qur&#8217;an; temono che il proprio stato possa cambiare.<\/p>\n<p>Il servo (qull) aspetta, il codardo scappa, l&#8217;amante combatte, l&#8217;arif (lo gnostico, il realizzato) perde s\u00e9 stesso nella contemplazione!<\/p>\n","protected":false},"excerpt":{"rendered":"<p>Gli arif sono persone che si sono \u201ccacciate nei guai\u201d per essersi innamorate. Cos\u00ec la loro anima guarda fissa l&#8217;altro [&hellip;]<\/p>\n","protected":false},"author":1,"featured_media":0,"parent":947,"menu_order":7,"comment_status":"open","ping_status":"open","template":"","meta":{"_monsterinsights_skip_tracking":false,"_monsterinsights_sitenote_active":false,"_monsterinsights_sitenote_note":"","_monsterinsights_sitenote_category":0,"footnotes":""},"class_list":["post-995","page","type-page","status-publish","hentry"],"_links":{"self":[{"href":"https:\/\/www.rifai.org\/sufism\/wp-json\/wp\/v2\/pages\/995","targetHints":{"allow":["GET"]}}],"collection":[{"href":"https:\/\/www.rifai.org\/sufism\/wp-json\/wp\/v2\/pages"}],"about":[{"href":"https:\/\/www.rifai.org\/sufism\/wp-json\/wp\/v2\/types\/page"}],"author":[{"embeddable":true,"href":"https:\/\/www.rifai.org\/sufism\/wp-json\/wp\/v2\/users\/1"}],"replies":[{"embeddable":true,"href":"https:\/\/www.rifai.org\/sufism\/wp-json\/wp\/v2\/comments?post=995"}],"version-history":[{"count":1,"href":"https:\/\/www.rifai.org\/sufism\/wp-json\/wp\/v2\/pages\/995\/revisions"}],"predecessor-version":[{"id":996,"href":"https:\/\/www.rifai.org\/sufism\/wp-json\/wp\/v2\/pages\/995\/revisions\/996"}],"up":[{"embeddable":true,"href":"https:\/\/www.rifai.org\/sufism\/wp-json\/wp\/v2\/pages\/947"}],"wp:attachment":[{"href":"https:\/\/www.rifai.org\/sufism\/wp-json\/wp\/v2\/media?parent=995"}],"curies":[{"name":"wp","href":"https:\/\/api.w.org\/{rel}","templated":true}]}}